{"id":43,"date":"2017-03-17T00:34:33","date_gmt":"2017-03-16T21:34:33","guid":{"rendered":"http:\/\/www.ewe-engineering.com\/?page_id=43"},"modified":"2021-09-24T04:20:44","modified_gmt":"2021-09-24T01:20:44","slug":"introduccion","status":"publish","type":"page","link":"http:\/\/www.ewe-engineering.com\/es\/","title":{"rendered":"Introducci\u00f3n"},"content":{"rendered":"<p><strong>EDGE OF THE WORLD ENGINEERING (EWE)<\/strong> es una empresa de ingenier\u00eda que gestiona y realiza proyectos de Estructuras y Geotecnia para Proyectos de Obra Civil\u00a0 y de Edificaci\u00f3n. EWE cuenta con amplia experiencia internacional.<\/p>\n<p>Ofrecemos a nuestros clientes servicios de calidad y de alto valor a\u00f1adido adaptados a los requerimientos t\u00e9cnicos y de supervisi\u00f3n espec\u00edficos.<\/p>\n<p><img loading=\"lazy\" decoding=\"async\" class=\"alignnone wp-image-39\" src=\"http:\/\/www.ewe-engineering.com\/wp-content\/uploads\/2017\/02\/IMG_1577-300x219.jpg\" alt=\"\" width=\"429\" height=\"313\" srcset=\"http:\/\/www.ewe-engineering.com\/wp-content\/uploads\/2017\/02\/IMG_1577-300x219.jpg 300w, http:\/\/www.ewe-engineering.com\/wp-content\/uploads\/2017\/02\/IMG_1577-768x560.jpg 768w, http:\/\/www.ewe-engineering.com\/wp-content\/uploads\/2017\/02\/IMG_1577-1024x746.jpg 1024w\" sizes=\"(max-width: 429px) 100vw, 429px\" \/><\/p>\n","protected":false},"excerpt":{"rendered":"<p>EDGE OF THE WORLD ENGINEERING (EWE) es una empresa de ingenier\u00eda que gestiona y realiza proyectos de Estructuras y Geotecnia para Proyectos de Obra Civil\u00a0 y de Edificaci\u00f3n. EWE cuenta con amplia experiencia internacional. Ofrecemos a nuestros clientes servicios de calidad y de alto valor a\u00f1adido adaptados a los requerimientos t\u00e9cnicos y de supervisi\u00f3n espec\u00edficos.<\/p>\n","protected":false},"author":1,"featured_media":0,"parent":0,"menu_order":0,"comment_status":"closed","ping_status":"open","template":"","meta":{"_mi_skip_tracking":false,"footnotes":""},"yoast_head":"<!-- This site is optimized with the Yoast SEO plugin v23.5 - https:\/\/yoast.com\/wordpress\/plugins\/seo\/ -->\n<title>Introducci\u00f3n - Edge of the World Engineering<\/title>\n<meta name=\"robots\" content=\"index, follow, max-snippet:-1, max-image-preview:large, max-video-preview:-1\" \/>\n<link rel=\"canonical\" href=\"http:\/\/www.ewe-engineering.com\/es\/\" \/>\n<meta property=\"og:locale\" content=\"es_ES\" \/>\n<meta property=\"og:type\" content=\"article\" \/>\n<meta property=\"og:title\" content=\"Introducci\u00f3n - Edge of the World Engineering\" \/>\n<meta property=\"og:description\" content=\"EDGE OF THE WORLD ENGINEERING (EWE) es una empresa de ingenier\u00eda que gestiona y realiza proyectos de Estructuras y Geotecnia para Proyectos de Obra Civil\u00a0 y de Edificaci\u00f3n. EWE cuenta con amplia experiencia internacional. Ofrecemos a nuestros clientes servicios de calidad y de alto valor a\u00f1adido adaptados a los requerimientos t\u00e9cnicos y de supervisi\u00f3n espec\u00edficos.\" \/>\n<meta property=\"og:url\" content=\"http:\/\/www.ewe-engineering.com\/es\/\" \/>\n<meta property=\"og:site_name\" content=\"Edge of the World Engineering\" \/>\n<meta property=\"article:modified_time\" content=\"2021-09-24T01:20:44+00:00\" \/>\n<meta property=\"og:image\" content=\"http:\/\/www.ewe-engineering.com\/wp-content\/uploads\/2017\/02\/IMG_1577-300x219.jpg\" \/>\n<meta name=\"twitter:card\" content=\"summary_large_image\" \/>\n<meta name=\"twitter:label1\" content=\"Tiempo de lectura\" \/>\n\t<meta name=\"twitter:data1\" content=\"1 minuto\" \/>\n<script type=\"application\/ld+json\" class=\"yoast-schema-graph\">{\"@context\":\"https:\/\/schema.org\",\"@graph\":[{\"@type\":\"WebPage\",\"@id\":\"http:\/\/www.ewe-engineering.com\/es\/\",\"url\":\"http:\/\/www.ewe-engineering.com\/es\/\",\"name\":\"Introducci\u00f3n - Edge of the World Engineering\",\"isPartOf\":{\"@id\":\"http:\/\/www.ewe-engineering.com\/#website\"},\"primaryImageOfPage\":{\"@id\":\"http:\/\/www.ewe-engineering.com\/es\/#primaryimage\"},\"image\":{\"@id\":\"http:\/\/www.ewe-engineering.com\/es\/#primaryimage\"},\"thumbnailUrl\":\"http:\/\/www.ewe-engineering.com\/wp-content\/uploads\/2017\/02\/IMG_1577-300x219.jpg\",\"datePublished\":\"2017-03-16T21:34:33+00:00\",\"dateModified\":\"2021-09-24T01:20:44+00:00\",\"breadcrumb\":{\"@id\":\"http:\/\/www.ewe-engineering.com\/es\/#breadcrumb\"},\"inLanguage\":\"es\",\"potentialAction\":[{\"@type\":\"ReadAction\",\"target\":[\"http:\/\/www.ewe-engineering.com\/es\/\"]}]},{\"@type\":\"ImageObject\",\"inLanguage\":\"es\",\"@id\":\"http:\/\/www.ewe-engineering.com\/es\/#primaryimage\",\"url\":\"http:\/\/www.ewe-engineering.com\/wp-content\/uploads\/2017\/02\/IMG_1577-300x219.jpg\",\"contentUrl\":\"http:\/\/www.ewe-engineering.com\/wp-content\/uploads\/2017\/02\/IMG_1577-300x219.jpg\"},{\"@type\":\"BreadcrumbList\",\"@id\":\"http:\/\/www.ewe-engineering.com\/es\/#breadcrumb\",\"itemListElement\":[{\"@type\":\"ListItem\",\"position\":1,\"name\":\"Home\",\"item\":\"http:\/\/www.ewe-engineering.com\/es\/\"},{\"@type\":\"ListItem\",\"position\":2,\"name\":\"Introducci\u00f3n\"}]},{\"@type\":\"WebSite\",\"@id\":\"http:\/\/www.ewe-engineering.com\/#website\",\"url\":\"http:\/\/www.ewe-engineering.com\/\",\"name\":\"Edge of the World Engineering\",\"description\":\"Project Management, tenders, feasibility studies, design, construction management and supervison, contractual and commercial management\",\"potentialAction\":[{\"@type\":\"SearchAction\",\"target\":{\"@type\":\"EntryPoint\",\"urlTemplate\":\"http:\/\/www.ewe-engineering.com\/?s={search_term_string}\"},\"query-input\":{\"@type\":\"PropertyValueSpecification\",\"valueRequired\":true,\"valueName\":\"search_term_string\"}}],\"inLanguage\":\"es\"}]}<\/script>\n<!-- \/ Yoast SEO plugin. -->","yoast_head_json":{"title":"Introducci\u00f3n - Edge of the World Engineering","robots":{"index":"index","follow":"follow","max-snippet":"max-snippet:-1","max-image-preview":"max-image-preview:large","max-video-preview":"max-video-preview:-1"},"canonical":"http:\/\/www.ewe-engineering.com\/es\/","og_locale":"es_ES","og_type":"article","og_title":"Introducci\u00f3n - Edge of the World Engineering","og_description":"EDGE OF THE WORLD ENGINEERING (EWE) es una empresa de ingenier\u00eda que gestiona y realiza proyectos de Estructuras y Geotecnia para Proyectos de Obra Civil\u00a0 y de Edificaci\u00f3n. EWE cuenta con amplia experiencia internacional. Ofrecemos a nuestros clientes servicios de calidad y de alto valor a\u00f1adido adaptados a los requerimientos t\u00e9cnicos y de supervisi\u00f3n espec\u00edficos.","og_url":"http:\/\/www.ewe-engineering.com\/es\/","og_site_name":"Edge of the World Engineering","article_modified_time":"2021-09-24T01:20:44+00:00","og_image":[{"url":"http:\/\/www.ewe-engineering.com\/wp-content\/uploads\/2017\/02\/IMG_1577-300x219.jpg"}],"twitter_card":"summary_large_image","twitter_misc":{"Tiempo de lectura":"1 minuto"},"schema":{"@context":"https:\/\/schema.org","@graph":[{"@type":"WebPage","@id":"http:\/\/www.ewe-engineering.com\/es\/","url":"http:\/\/www.ewe-engineering.com\/es\/","name":"Introducci\u00f3n - Edge of the World Engineering","isPartOf":{"@id":"http:\/\/www.ewe-engineering.com\/#website"},"primaryImageOfPage":{"@id":"http:\/\/www.ewe-engineering.com\/es\/#primaryimage"},"image":{"@id":"http:\/\/www.ewe-engineering.com\/es\/#primaryimage"},"thumbnailUrl":"http:\/\/www.ewe-engineering.com\/wp-content\/uploads\/2017\/02\/IMG_1577-300x219.jpg","datePublished":"2017-03-16T21:34:33+00:00","dateModified":"2021-09-24T01:20:44+00:00","breadcrumb":{"@id":"http:\/\/www.ewe-engineering.com\/es\/#breadcrumb"},"inLanguage":"es","potentialAction":[{"@type":"ReadAction","target":["http:\/\/www.ewe-engineering.com\/es\/"]}]},{"@type":"ImageObject","inLanguage":"es","@id":"http:\/\/www.ewe-engineering.com\/es\/#primaryimage","url":"http:\/\/www.ewe-engineering.com\/wp-content\/uploads\/2017\/02\/IMG_1577-300x219.jpg","contentUrl":"http:\/\/www.ewe-engineering.com\/wp-content\/uploads\/2017\/02\/IMG_1577-300x219.jpg"},{"@type":"BreadcrumbList","@id":"http:\/\/www.ewe-engineering.com\/es\/#breadcrumb","itemListElement":[{"@type":"ListItem","position":1,"name":"Home","item":"http:\/\/www.ewe-engineering.com\/es\/"},{"@type":"ListItem","position":2,"name":"Introducci\u00f3n"}]},{"@type":"WebSite","@id":"http:\/\/www.ewe-engineering.com\/#website","url":"http:\/\/www.ewe-engineering.com\/","name":"Edge of the World Engineering","description":"Project Management, tenders, feasibility studies, design, construction management and supervison, contractual and commercial management","potentialAction":[{"@type":"SearchAction","target":{"@type":"EntryPoint","urlTemplate":"http:\/\/www.ewe-engineering.com\/?s={search_term_string}"},"query-input":{"@type":"PropertyValueSpecification","valueRequired":true,"valueName":"search_term_string"}}],"inLanguage":"es"}]}},"_links":{"self":[{"href":"http:\/\/www.ewe-engineering.com\/es\/wp-json\/wp\/v2\/pages\/43\/"}],"collection":[{"href":"http:\/\/www.ewe-engineering.com\/es\/wp-json\/wp\/v2\/pages\/"}],"about":[{"href":"http:\/\/www.ewe-engineering.com\/es\/wp-json\/wp\/v2\/types\/page\/"}],"author":[{"embeddable":true,"href":"http:\/\/www.ewe-engineering.com\/es\/wp-json\/wp\/v2\/users\/1\/"}],"replies":[{"embeddable":true,"href":"http:\/\/www.ewe-engineering.com\/es\/wp-json\/wp\/v2\/comments\/?post=43"}],"version-history":[{"count":8,"href":"http:\/\/www.ewe-engineering.com\/es\/wp-json\/wp\/v2\/pages\/43\/revisions\/"}],"predecessor-version":[{"id":144,"href":"http:\/\/www.ewe-engineering.com\/es\/wp-json\/wp\/v2\/pages\/43\/revisions\/144\/"}],"wp:attachment":[{"href":"http:\/\/www.ewe-engineering.com\/es\/wp-json\/wp\/v2\/media\/?parent=43"}],"curies":[{"name":"wp","href":"https:\/\/api.w.org\/{rel}","templated":true}]}}