{"id":45,"date":"2017-03-17T00:39:27","date_gmt":"2017-03-16T21:39:27","guid":{"rendered":"http:\/\/www.ewe-engineering.com\/?page_id=45"},"modified":"2021-09-24T04:21:50","modified_gmt":"2021-09-24T01:21:50","slug":"servicios","status":"publish","type":"page","link":"http:\/\/www.ewe-engineering.com\/es\/servicios\/","title":{"rendered":"Servicios"},"content":{"rendered":"<p>EDGE OF THE WORLD ENGINEERING (EWE) ofrece servicios en una serie de campos:<\/p>\n<ul>\n<li>Project Management<\/li>\n<li>Dise\u00f1o estructural y geot\u00e9cnico<\/li>\n<li>Asistencia T\u00e9cnica durante la construcci\u00f3n<\/li>\n<li>Revisi\u00f3n, control y supervisi\u00f3n del proyecto<\/li>\n<li>Estudios de patologia<\/li>\n<li>Asistencia a empresas de construcci\u00f3n durante el proceso de licitaci\u00f3n<\/li>\n<\/ul>\n<p>EWE dise\u00f1a desde las primeras etapas del dise\u00f1o hasta el proyecto de construcci\u00f3n. EWE proporciona su experiencia en proyectos de Estructuras y Geotecnia en\u00a0 Ingenier\u00eda Civil y Edificaci\u00f3n:<\/p>\n<ul>\n<li>Carreteras y Ferrocarriles<\/li>\n<li>Metro<\/li>\n<li>Aeropuertos<\/li>\n<li>Viaductos y pasarelas<\/li>\n<li>Puertos<\/li>\n<li>Obras Hidr\u00e1ulicas y Gesti\u00f3n del Agua<\/li>\n<li>Edificios Residenciales y Comerciales<\/li>\n<li>Edificios industriales: Estaciones de tratamiento de aguas, Centrales el\u00e9ctricas<\/li>\n<\/ul>\n<p><img loading=\"lazy\" decoding=\"async\" class=\"alignnone wp-image-71 \" src=\"http:\/\/www.ewe-engineering.com\/wp-content\/uploads\/2017\/02\/Image4-1.jpg\" alt=\"\" width=\"592\" height=\"318\" \/><\/p>\n","protected":false},"excerpt":{"rendered":"<p>EDGE OF THE WORLD ENGINEERING (EWE) ofrece servicios en una serie de campos: Project Management Dise\u00f1o estructural y geot\u00e9cnico Asistencia T\u00e9cnica durante la construcci\u00f3n Revisi\u00f3n, control y supervisi\u00f3n del proyecto Estudios de patologia Asistencia a empresas de construcci\u00f3n durante el proceso de licitaci\u00f3n EWE dise\u00f1a desde las primeras etapas del dise\u00f1o hasta el proyecto de [&hellip;]<\/p>\n","protected":false},"author":1,"featured_media":0,"parent":0,"menu_order":0,"comment_status":"closed","ping_status":"closed","template":"","meta":{"_mi_skip_tracking":false,"footnotes":""},"yoast_head":"<!-- This site is optimized with the Yoast SEO plugin v23.5 - https:\/\/yoast.com\/wordpress\/plugins\/seo\/ -->\n<title>Servicios - Edge of the World Engineering<\/title>\n<meta name=\"robots\" content=\"index, follow, max-snippet:-1, max-image-preview:large, max-video-preview:-1\" \/>\n<link rel=\"canonical\" href=\"http:\/\/www.ewe-engineering.com\/es\/servicios\/\" \/>\n<meta property=\"og:locale\" content=\"es_ES\" \/>\n<meta property=\"og:type\" content=\"article\" \/>\n<meta property=\"og:title\" content=\"Servicios - Edge of the World Engineering\" \/>\n<meta property=\"og:description\" content=\"EDGE OF THE WORLD ENGINEERING (EWE) ofrece servicios en una serie de campos: Project Management Dise\u00f1o estructural y geot\u00e9cnico Asistencia T\u00e9cnica durante la construcci\u00f3n Revisi\u00f3n, control y supervisi\u00f3n del proyecto Estudios de patologia Asistencia a empresas de construcci\u00f3n durante el proceso de licitaci\u00f3n EWE dise\u00f1a desde las primeras etapas del dise\u00f1o hasta el proyecto de [&hellip;]\" \/>\n<meta property=\"og:url\" content=\"http:\/\/www.ewe-engineering.com\/es\/servicios\/\" \/>\n<meta property=\"og:site_name\" content=\"Edge of the World Engineering\" \/>\n<meta property=\"article:modified_time\" content=\"2021-09-24T01:21:50+00:00\" \/>\n<meta property=\"og:image\" content=\"http:\/\/www.ewe-engineering.com\/wp-content\/uploads\/2017\/02\/Image4-1.jpg\" \/>\n<meta name=\"twitter:card\" content=\"summary_large_image\" \/>\n<meta name=\"twitter:label1\" content=\"Tiempo de lectura\" \/>\n\t<meta name=\"twitter:data1\" content=\"1 minuto\" \/>\n<script type=\"application\/ld+json\" class=\"yoast-schema-graph\">{\"@context\":\"https:\/\/schema.org\",\"@graph\":[{\"@type\":\"WebPage\",\"@id\":\"http:\/\/www.ewe-engineering.com\/es\/servicios\/\",\"url\":\"http:\/\/www.ewe-engineering.com\/es\/servicios\/\",\"name\":\"Servicios - Edge of the World Engineering\",\"isPartOf\":{\"@id\":\"http:\/\/www.ewe-engineering.com\/#website\"},\"primaryImageOfPage\":{\"@id\":\"http:\/\/www.ewe-engineering.com\/es\/servicios\/#primaryimage\"},\"image\":{\"@id\":\"http:\/\/www.ewe-engineering.com\/es\/servicios\/#primaryimage\"},\"thumbnailUrl\":\"http:\/\/www.ewe-engineering.com\/wp-content\/uploads\/2017\/02\/Image4-1.jpg\",\"datePublished\":\"2017-03-16T21:39:27+00:00\",\"dateModified\":\"2021-09-24T01:21:50+00:00\",\"breadcrumb\":{\"@id\":\"http:\/\/www.ewe-engineering.com\/es\/servicios\/#breadcrumb\"},\"inLanguage\":\"es\",\"potentialAction\":[{\"@type\":\"ReadAction\",\"target\":[\"http:\/\/www.ewe-engineering.com\/es\/servicios\/\"]}]},{\"@type\":\"ImageObject\",\"inLanguage\":\"es\",\"@id\":\"http:\/\/www.ewe-engineering.com\/es\/servicios\/#primaryimage\",\"url\":\"http:\/\/www.ewe-engineering.com\/wp-content\/uploads\/2017\/02\/Image4-1.jpg\",\"contentUrl\":\"http:\/\/www.ewe-engineering.com\/wp-content\/uploads\/2017\/02\/Image4-1.jpg\"},{\"@type\":\"BreadcrumbList\",\"@id\":\"http:\/\/www.ewe-engineering.com\/es\/servicios\/#breadcrumb\",\"itemListElement\":[{\"@type\":\"ListItem\",\"position\":1,\"name\":\"Home\",\"item\":\"http:\/\/www.ewe-engineering.com\/es\/\"},{\"@type\":\"ListItem\",\"position\":2,\"name\":\"Servicios\"}]},{\"@type\":\"WebSite\",\"@id\":\"http:\/\/www.ewe-engineering.com\/#website\",\"url\":\"http:\/\/www.ewe-engineering.com\/\",\"name\":\"Edge of the World Engineering\",\"description\":\"Project Management, tenders, feasibility studies, design, construction management and supervison, contractual and commercial management\",\"potentialAction\":[{\"@type\":\"SearchAction\",\"target\":{\"@type\":\"EntryPoint\",\"urlTemplate\":\"http:\/\/www.ewe-engineering.com\/?s={search_term_string}\"},\"query-input\":{\"@type\":\"PropertyValueSpecification\",\"valueRequired\":true,\"valueName\":\"search_term_string\"}}],\"inLanguage\":\"es\"}]}<\/script>\n<!-- \/ Yoast SEO plugin. -->","yoast_head_json":{"title":"Servicios - Edge of the World Engineering","robots":{"index":"index","follow":"follow","max-snippet":"max-snippet:-1","max-image-preview":"max-image-preview:large","max-video-preview":"max-video-preview:-1"},"canonical":"http:\/\/www.ewe-engineering.com\/es\/servicios\/","og_locale":"es_ES","og_type":"article","og_title":"Servicios - Edge of the World Engineering","og_description":"EDGE OF THE WORLD ENGINEERING (EWE) ofrece servicios en una serie de campos: Project Management Dise\u00f1o estructural y geot\u00e9cnico Asistencia T\u00e9cnica durante la construcci\u00f3n Revisi\u00f3n, control y supervisi\u00f3n del proyecto Estudios de patologia Asistencia a empresas de construcci\u00f3n durante el proceso de licitaci\u00f3n EWE dise\u00f1a desde las primeras etapas del dise\u00f1o hasta el proyecto de [&hellip;]","og_url":"http:\/\/www.ewe-engineering.com\/es\/servicios\/","og_site_name":"Edge of the World Engineering","article_modified_time":"2021-09-24T01:21:50+00:00","og_image":[{"url":"http:\/\/www.ewe-engineering.com\/wp-content\/uploads\/2017\/02\/Image4-1.jpg"}],"twitter_card":"summary_large_image","twitter_misc":{"Tiempo de lectura":"1 minuto"},"schema":{"@context":"https:\/\/schema.org","@graph":[{"@type":"WebPage","@id":"http:\/\/www.ewe-engineering.com\/es\/servicios\/","url":"http:\/\/www.ewe-engineering.com\/es\/servicios\/","name":"Servicios - Edge of the World Engineering","isPartOf":{"@id":"http:\/\/www.ewe-engineering.com\/#website"},"primaryImageOfPage":{"@id":"http:\/\/www.ewe-engineering.com\/es\/servicios\/#primaryimage"},"image":{"@id":"http:\/\/www.ewe-engineering.com\/es\/servicios\/#primaryimage"},"thumbnailUrl":"http:\/\/www.ewe-engineering.com\/wp-content\/uploads\/2017\/02\/Image4-1.jpg","datePublished":"2017-03-16T21:39:27+00:00","dateModified":"2021-09-24T01:21:50+00:00","breadcrumb":{"@id":"http:\/\/www.ewe-engineering.com\/es\/servicios\/#breadcrumb"},"inLanguage":"es","potentialAction":[{"@type":"ReadAction","target":["http:\/\/www.ewe-engineering.com\/es\/servicios\/"]}]},{"@type":"ImageObject","inLanguage":"es","@id":"http:\/\/www.ewe-engineering.com\/es\/servicios\/#primaryimage","url":"http:\/\/www.ewe-engineering.com\/wp-content\/uploads\/2017\/02\/Image4-1.jpg","contentUrl":"http:\/\/www.ewe-engineering.com\/wp-content\/uploads\/2017\/02\/Image4-1.jpg"},{"@type":"BreadcrumbList","@id":"http:\/\/www.ewe-engineering.com\/es\/servicios\/#breadcrumb","itemListElement":[{"@type":"ListItem","position":1,"name":"Home","item":"http:\/\/www.ewe-engineering.com\/es\/"},{"@type":"ListItem","position":2,"name":"Servicios"}]},{"@type":"WebSite","@id":"http:\/\/www.ewe-engineering.com\/#website","url":"http:\/\/www.ewe-engineering.com\/","name":"Edge of the World Engineering","description":"Project Management, tenders, feasibility studies, design, construction management and supervison, contractual and commercial management","potentialAction":[{"@type":"SearchAction","target":{"@type":"EntryPoint","urlTemplate":"http:\/\/www.ewe-engineering.com\/?s={search_term_string}"},"query-input":{"@type":"PropertyValueSpecification","valueRequired":true,"valueName":"search_term_string"}}],"inLanguage":"es"}]}},"_links":{"self":[{"href":"http:\/\/www.ewe-engineering.com\/es\/wp-json\/wp\/v2\/pages\/45\/"}],"collection":[{"href":"http:\/\/www.ewe-engineering.com\/es\/wp-json\/wp\/v2\/pages\/"}],"about":[{"href":"http:\/\/www.ewe-engineering.com\/es\/wp-json\/wp\/v2\/types\/page\/"}],"author":[{"embeddable":true,"href":"http:\/\/www.ewe-engineering.com\/es\/wp-json\/wp\/v2\/users\/1\/"}],"replies":[{"embeddable":true,"href":"http:\/\/www.ewe-engineering.com\/es\/wp-json\/wp\/v2\/comments\/?post=45"}],"version-history":[{"count":11,"href":"http:\/\/www.ewe-engineering.com\/es\/wp-json\/wp\/v2\/pages\/45\/revisions\/"}],"predecessor-version":[{"id":145,"href":"http:\/\/www.ewe-engineering.com\/es\/wp-json\/wp\/v2\/pages\/45\/revisions\/145\/"}],"wp:attachment":[{"href":"http:\/\/www.ewe-engineering.com\/es\/wp-json\/wp\/v2\/media\/?parent=45"}],"curies":[{"name":"wp","href":"https:\/\/api.w.org\/{rel}","templated":true}]}}