{"id":47,"date":"2017-03-17T00:42:36","date_gmt":"2017-03-16T21:42:36","guid":{"rendered":"http:\/\/www.ewe-engineering.com\/?page_id=47"},"modified":"2021-09-24T03:59:51","modified_gmt":"2021-09-24T00:59:51","slug":"proyectos","status":"publish","type":"page","link":"http:\/\/www.ewe-engineering.com\/es\/proyectos\/","title":{"rendered":"Proyectos"},"content":{"rendered":"<ul>\n<li>Estudio de patologias en Cut&amp;Cover en Metro de Qatar. Qatar<\/li>\n<li>Dise\u00f1o estructural de edificios en Science Park. Riad. Arabia Saud\u00ed.<\/li>\n<li>Estudio de seguridad estructural en edificio en Arabia Saud\u00ed por bajas en la resistencia del hormigon.<\/li>\n<li>Diseno preliminar de dos puentes en Mallorca. Espa\u00f1a.<\/li>\n<li>Proyecto Constructivo Metro de Riad. Arabia Saud\u00ed.<\/li>\n<li>Revisi\u00f3n de Shop Drawings para L\u00ednea 5 de Metro de Riad. Arabia Saud\u00ed.<\/li>\n<li>Supervisi\u00f3n del dise\u00f1o de estructuras de la Ampliaci\u00f3n del Aeropuerto Internacional de Lahore. Pakist\u00e1n<\/li>\n<li>Supervisi\u00f3n del dise\u00f1o de estructuras de la Ampliaci\u00f3n del Aeropuerto Internacional de Islamabad. Pakist\u00e1n<\/li>\n<li>Supervisi\u00f3n de shopdrawings de Edificio en Medina. Arabia Saud\u00ed<\/li>\n<li>Revisi\u00f3n de tanques en Medina. Arabia Saud\u00ed<\/li>\n<li>Proyectos\u00a0para ofertas en T\u00fanez y Arabia Saud\u00ed<\/li>\n<\/ul>\n","protected":false},"excerpt":{"rendered":"<p>Estudio de patologias en Cut&amp;Cover en Metro de Qatar. Qatar Dise\u00f1o estructural de edificios en Science Park. Riad. Arabia Saud\u00ed. Estudio de seguridad estructural en edificio en Arabia Saud\u00ed por bajas en la resistencia del hormigon. Diseno preliminar de dos puentes en Mallorca. Espa\u00f1a. Proyecto Constructivo Metro de Riad. Arabia Saud\u00ed. Revisi\u00f3n de Shop Drawings [&hellip;]<\/p>\n","protected":false},"author":1,"featured_media":0,"parent":0,"menu_order":0,"comment_status":"closed","ping_status":"closed","template":"","meta":{"_mi_skip_tracking":false,"footnotes":""},"yoast_head":"<!-- This site is optimized with the Yoast SEO plugin v23.5 - https:\/\/yoast.com\/wordpress\/plugins\/seo\/ -->\n<title>Proyectos - Edge of the World Engineering<\/title>\n<meta name=\"robots\" content=\"index, follow, max-snippet:-1, max-image-preview:large, max-video-preview:-1\" \/>\n<link rel=\"canonical\" href=\"http:\/\/www.ewe-engineering.com\/es\/proyectos\/\" \/>\n<meta property=\"og:locale\" content=\"es_ES\" \/>\n<meta property=\"og:type\" content=\"article\" \/>\n<meta property=\"og:title\" content=\"Proyectos - Edge of the World Engineering\" \/>\n<meta property=\"og:description\" content=\"Estudio de patologias en Cut&amp;Cover en Metro de Qatar. Qatar Dise\u00f1o estructural de edificios en Science Park. Riad. Arabia Saud\u00ed. Estudio de seguridad estructural en edificio en Arabia Saud\u00ed por bajas en la resistencia del hormigon. Diseno preliminar de dos puentes en Mallorca. Espa\u00f1a. Proyecto Constructivo Metro de Riad. Arabia Saud\u00ed. Revisi\u00f3n de Shop Drawings [&hellip;]\" \/>\n<meta property=\"og:url\" content=\"http:\/\/www.ewe-engineering.com\/es\/proyectos\/\" \/>\n<meta property=\"og:site_name\" content=\"Edge of the World Engineering\" \/>\n<meta property=\"article:modified_time\" content=\"2021-09-24T00:59:51+00:00\" \/>\n<meta name=\"twitter:card\" content=\"summary_large_image\" \/>\n<meta name=\"twitter:label1\" content=\"Tiempo de lectura\" \/>\n\t<meta name=\"twitter:data1\" content=\"1 minuto\" \/>\n<script type=\"application\/ld+json\" class=\"yoast-schema-graph\">{\"@context\":\"https:\/\/schema.org\",\"@graph\":[{\"@type\":\"WebPage\",\"@id\":\"http:\/\/www.ewe-engineering.com\/es\/proyectos\/\",\"url\":\"http:\/\/www.ewe-engineering.com\/es\/proyectos\/\",\"name\":\"Proyectos - Edge of the World Engineering\",\"isPartOf\":{\"@id\":\"http:\/\/www.ewe-engineering.com\/#website\"},\"datePublished\":\"2017-03-16T21:42:36+00:00\",\"dateModified\":\"2021-09-24T00:59:51+00:00\",\"breadcrumb\":{\"@id\":\"http:\/\/www.ewe-engineering.com\/es\/proyectos\/#breadcrumb\"},\"inLanguage\":\"es\",\"potentialAction\":[{\"@type\":\"ReadAction\",\"target\":[\"http:\/\/www.ewe-engineering.com\/es\/proyectos\/\"]}]},{\"@type\":\"BreadcrumbList\",\"@id\":\"http:\/\/www.ewe-engineering.com\/es\/proyectos\/#breadcrumb\",\"itemListElement\":[{\"@type\":\"ListItem\",\"position\":1,\"name\":\"Home\",\"item\":\"http:\/\/www.ewe-engineering.com\/es\/\"},{\"@type\":\"ListItem\",\"position\":2,\"name\":\"Proyectos\"}]},{\"@type\":\"WebSite\",\"@id\":\"http:\/\/www.ewe-engineering.com\/#website\",\"url\":\"http:\/\/www.ewe-engineering.com\/\",\"name\":\"Edge of the World Engineering\",\"description\":\"Project Management, tenders, feasibility studies, design, construction management and supervison, contractual and commercial management\",\"potentialAction\":[{\"@type\":\"SearchAction\",\"target\":{\"@type\":\"EntryPoint\",\"urlTemplate\":\"http:\/\/www.ewe-engineering.com\/?s={search_term_string}\"},\"query-input\":{\"@type\":\"PropertyValueSpecification\",\"valueRequired\":true,\"valueName\":\"search_term_string\"}}],\"inLanguage\":\"es\"}]}<\/script>\n<!-- \/ Yoast SEO plugin. -->","yoast_head_json":{"title":"Proyectos - Edge of the World Engineering","robots":{"index":"index","follow":"follow","max-snippet":"max-snippet:-1","max-image-preview":"max-image-preview:large","max-video-preview":"max-video-preview:-1"},"canonical":"http:\/\/www.ewe-engineering.com\/es\/proyectos\/","og_locale":"es_ES","og_type":"article","og_title":"Proyectos - Edge of the World Engineering","og_description":"Estudio de patologias en Cut&amp;Cover en Metro de Qatar. Qatar Dise\u00f1o estructural de edificios en Science Park. Riad. Arabia Saud\u00ed. Estudio de seguridad estructural en edificio en Arabia Saud\u00ed por bajas en la resistencia del hormigon. Diseno preliminar de dos puentes en Mallorca. Espa\u00f1a. Proyecto Constructivo Metro de Riad. Arabia Saud\u00ed. Revisi\u00f3n de Shop Drawings [&hellip;]","og_url":"http:\/\/www.ewe-engineering.com\/es\/proyectos\/","og_site_name":"Edge of the World Engineering","article_modified_time":"2021-09-24T00:59:51+00:00","twitter_card":"summary_large_image","twitter_misc":{"Tiempo de lectura":"1 minuto"},"schema":{"@context":"https:\/\/schema.org","@graph":[{"@type":"WebPage","@id":"http:\/\/www.ewe-engineering.com\/es\/proyectos\/","url":"http:\/\/www.ewe-engineering.com\/es\/proyectos\/","name":"Proyectos - Edge of the World Engineering","isPartOf":{"@id":"http:\/\/www.ewe-engineering.com\/#website"},"datePublished":"2017-03-16T21:42:36+00:00","dateModified":"2021-09-24T00:59:51+00:00","breadcrumb":{"@id":"http:\/\/www.ewe-engineering.com\/es\/proyectos\/#breadcrumb"},"inLanguage":"es","potentialAction":[{"@type":"ReadAction","target":["http:\/\/www.ewe-engineering.com\/es\/proyectos\/"]}]},{"@type":"BreadcrumbList","@id":"http:\/\/www.ewe-engineering.com\/es\/proyectos\/#breadcrumb","itemListElement":[{"@type":"ListItem","position":1,"name":"Home","item":"http:\/\/www.ewe-engineering.com\/es\/"},{"@type":"ListItem","position":2,"name":"Proyectos"}]},{"@type":"WebSite","@id":"http:\/\/www.ewe-engineering.com\/#website","url":"http:\/\/www.ewe-engineering.com\/","name":"Edge of the World Engineering","description":"Project Management, tenders, feasibility studies, design, construction management and supervison, contractual and commercial management","potentialAction":[{"@type":"SearchAction","target":{"@type":"EntryPoint","urlTemplate":"http:\/\/www.ewe-engineering.com\/?s={search_term_string}"},"query-input":{"@type":"PropertyValueSpecification","valueRequired":true,"valueName":"search_term_string"}}],"inLanguage":"es"}]}},"_links":{"self":[{"href":"http:\/\/www.ewe-engineering.com\/es\/wp-json\/wp\/v2\/pages\/47\/"}],"collection":[{"href":"http:\/\/www.ewe-engineering.com\/es\/wp-json\/wp\/v2\/pages\/"}],"about":[{"href":"http:\/\/www.ewe-engineering.com\/es\/wp-json\/wp\/v2\/types\/page\/"}],"author":[{"embeddable":true,"href":"http:\/\/www.ewe-engineering.com\/es\/wp-json\/wp\/v2\/users\/1\/"}],"replies":[{"embeddable":true,"href":"http:\/\/www.ewe-engineering.com\/es\/wp-json\/wp\/v2\/comments\/?post=47"}],"version-history":[{"count":8,"href":"http:\/\/www.ewe-engineering.com\/es\/wp-json\/wp\/v2\/pages\/47\/revisions\/"}],"predecessor-version":[{"id":146,"href":"http:\/\/www.ewe-engineering.com\/es\/wp-json\/wp\/v2\/pages\/47\/revisions\/146\/"}],"wp:attachment":[{"href":"http:\/\/www.ewe-engineering.com\/es\/wp-json\/wp\/v2\/media\/?parent=47"}],"curies":[{"name":"wp","href":"https:\/\/api.w.org\/{rel}","templated":true}]}}